{"id":4,"date":"2022-08-03T13:40:04","date_gmt":"2022-08-03T13:40:04","guid":{"rendered":"https:\/\/vt-carstens.de\/?page_id=4"},"modified":"2026-02-23T15:56:54","modified_gmt":"2026-02-23T15:56:54","slug":"psychotherapie-in-hamburg-eppendorf","status":"publish","type":"page","link":"https:\/\/vt-carstens.de\/","title":{"rendered":""},"content":{"rendered":"<p>Ich bin Psychologische Psychotherapeutin mit vertiefter Ausbildung in der Fachrichtung Verhaltenstherapie und arbeite in meiner privaten Praxis f\u00fcr Psychotherapie in Hamburg Eppendorf.<br \/>\nGerne unterst\u00fctze ich Sie dabei, einen Umgang mit belastenden Lebenssituationen, Krisen und pers\u00f6nlichen Problemen zu finden, ebenso wie im Aufbau pers\u00f6nlicher Resilienz, um zuk\u00fcnftigen Belastungen Stand zu halten.<br \/>\nIm Fokus stehen dabei f\u00fcr mich die Orientierung an ihren individuellen Bed\u00fcrfnissen und ein ressourcenorientiertes Arbeiten.<br \/>\nIch st\u00fctze meine Arbeit selbstverst\u00e4ndlich immer auf wissenschaftlich fundierte Methoden, um Ihnen ein wirkungsvolles Behandlungsangebot zu erm\u00f6glichen.<\/p>\n<style>\/*! elementor - v3.7.0 - 08-08-2022 *\/<br \/>.elementor-widget-image{text-align:center}.elementor-widget-image a{display:inline-block}.elementor-widget-image a img[src$=\".svg\"]{width:48px}.elementor-widget-image img{vertical-align:middle;display:inline-block}<\/style>\n<p><img fetchpriority=\"high\" class=\"alignnone wp-image-273 size-medium\" src=\"https:\/\/vt-carstens.de\/wp-content\/uploads\/2026\/02\/DSCF9650-200x300.jpg\" alt=\"\" width=\"200\" height=\"300\" srcset=\"https:\/\/vt-carstens.de\/wp-content\/uploads\/2026\/02\/DSCF9650-200x300.jpg 200w, https:\/\/vt-carstens.de\/wp-content\/uploads\/2026\/02\/DSCF9650-683x1024.jpg 683w, https:\/\/vt-carstens.de\/wp-content\/uploads\/2026\/02\/DSCF9650-768x1152.jpg 768w, https:\/\/vt-carstens.de\/wp-content\/uploads\/2026\/02\/DSCF9650-1024x1536.jpg 1024w, https:\/\/vt-carstens.de\/wp-content\/uploads\/2026\/02\/DSCF9650-1365x2048.jpg 1365w, https:\/\/vt-carstens.de\/wp-content\/uploads\/2026\/02\/DSCF9650-scaled.jpg 1707w\" sizes=\"(max-width: 200px) 100vw, 200px\" \/><\/p>\n<p><strong>Werdegang:<\/strong><\/p>\n<p>2011 \u2013 2014\u00a0\u00a0 Bachelorstudium Psychologie Medical School Hamburg<\/p>\n<p>2014 \u2013 2016 Masterstudium Klinische Psychologie und Psychotherapie Medical School Hamburg<\/p>\n<p>2017 -2022 Ausbildung und Approbation zur Psychologischen Psychotherapeutin\u00a0 \/ Institut f\u00fcr Verhaltenstherapie Hamburg (IVAH gGmbH)<\/p>\n<p>2018 \u2013 2019 Asklepios Klinikum Nord \u2013 Ochsenzoll Klinik f\u00fcr Forensische Psychiatrie<\/p>\n","protected":false},"excerpt":{"rendered":"<p>Ich bin Psychologische Psychotherapeutin mit vertiefter Ausbildung in der Fachrichtung Verhaltenstherapie und arbeite in meiner privaten Praxis f\u00fcr Psychotherapie in Hamburg Eppendorf. Gerne unterst\u00fctze ich Sie dabei, einen Umgang mit belastenden Lebenssituationen, Krisen und pers\u00f6nlichen Problemen zu finden, ebenso wie im Aufbau pers\u00f6nlicher Resilienz, um zuk\u00fcnftigen Belastungen Stand zu halten. Im Fokus stehen dabei f\u00fcr &#8230; <a title=\"\" class=\"read-more\" href=\"https:\/\/vt-carstens.de\/\" aria-label=\"Read more about \">Weiterlesen<\/a><\/p>\n","protected":false},"author":1,"featured_media":0,"parent":0,"menu_order":0,"comment_status":"closed","ping_status":"open","template":"","meta":[],"yoast_head":"<!-- This site is optimized with the Yoast SEO plugin v20.6 - https:\/\/yoast.com\/wordpress\/plugins\/seo\/ -->\n<title>Psychotherapie in Hamburg Eppendorf Verhaltenstherapie<\/title>\n<meta name=\"description\" content=\"Ich bin Psychologische Psychotherapeutin mit vertiefter Ausbildung in der Fachrichtung Verhaltenstherapie und arbeite in meiner privaten Praxis in Hamburg Eppendorf.\" \/>\n<meta name=\"robots\" content=\"index, follow, max-snippet:-1, max-image-preview:large, max-video-preview:-1\" \/>\n<link rel=\"canonical\" href=\"https:\/\/vt-carstens.de\/\" \/>\n<meta property=\"og:locale\" content=\"de_DE\" \/>\n<meta property=\"og:type\" content=\"article\" \/>\n<meta property=\"og:title\" content=\"Psychotherapie in Hamburg Eppendorf Verhaltenstherapie\" \/>\n<meta property=\"og:description\" content=\"Ich bin Psychologische Psychotherapeutin mit vertiefter Ausbildung in der Fachrichtung Verhaltenstherapie und arbeite in meiner privaten Praxis in Hamburg Eppendorf.\" \/>\n<meta property=\"og:url\" content=\"https:\/\/vt-carstens.de\/\" \/>\n<meta property=\"og:site_name\" content=\"Leonie Carstens - Psychotherapie in Hamburg Eppendorf\" \/>\n<meta property=\"article:modified_time\" content=\"2026-02-23T15:56:54+00:00\" \/>\n<meta property=\"og:image\" content=\"https:\/\/vt-carstens.de\/wp-content\/uploads\/2026\/02\/DSCF9650-200x300.jpg\" \/>\n<meta name=\"twitter:card\" content=\"summary_large_image\" \/>\n<meta name=\"twitter:label1\" content=\"Gesch\u00e4tzte Lesezeit\" \/>\n\t<meta name=\"twitter:data1\" content=\"1 Minute\" \/>\n<script type=\"application\/ld+json\" class=\"yoast-schema-graph\">{\"@context\":\"https:\/\/schema.org\",\"@graph\":[{\"@type\":\"WebPage\",\"@id\":\"https:\/\/vt-carstens.de\/\",\"url\":\"https:\/\/vt-carstens.de\/\",\"name\":\"Psychotherapie in Hamburg Eppendorf Verhaltenstherapie\",\"isPartOf\":{\"@id\":\"https:\/\/vt-carstens.de\/#website\"},\"datePublished\":\"2022-08-03T13:40:04+00:00\",\"dateModified\":\"2026-02-23T15:56:54+00:00\",\"description\":\"Ich bin Psychologische Psychotherapeutin mit vertiefter Ausbildung in der Fachrichtung Verhaltenstherapie und arbeite in meiner privaten Praxis in Hamburg Eppendorf.\",\"inLanguage\":\"de-DE\",\"potentialAction\":[{\"@type\":\"ReadAction\",\"target\":[\"https:\/\/vt-carstens.de\/\"]}]},{\"@type\":\"WebSite\",\"@id\":\"https:\/\/vt-carstens.de\/#website\",\"url\":\"https:\/\/vt-carstens.de\/\",\"name\":\"Leonie Carstens - Psychotherapie in Hamburg Eppendorf\",\"description\":\"\",\"publisher\":{\"@id\":\"https:\/\/vt-carstens.de\/#\/schema\/person\/c5e58e58193778849ec08f7fbfc83994\"},\"potentialAction\":[{\"@type\":\"SearchAction\",\"target\":{\"@type\":\"EntryPoint\",\"urlTemplate\":\"https:\/\/vt-carstens.de\/?s={search_term_string}\"},\"query-input\":\"required name=search_term_string\"}],\"inLanguage\":\"de-DE\"},{\"@type\":[\"Person\",\"Organization\"],\"@id\":\"https:\/\/vt-carstens.de\/#\/schema\/person\/c5e58e58193778849ec08f7fbfc83994\",\"name\":\"admin\",\"image\":{\"@type\":\"ImageObject\",\"inLanguage\":\"de-DE\",\"@id\":\"https:\/\/vt-carstens.de\/#\/schema\/person\/image\/\",\"url\":\"https:\/\/vt-carstens.de\/wp-content\/uploads\/2022\/08\/Bild_angepasst-7.jpg\",\"contentUrl\":\"https:\/\/vt-carstens.de\/wp-content\/uploads\/2022\/08\/Bild_angepasst-7.jpg\",\"width\":1132,\"height\":750,\"caption\":\"admin\"},\"logo\":{\"@id\":\"https:\/\/vt-carstens.de\/#\/schema\/person\/image\/\"},\"sameAs\":[\"https:\/\/vt-carstens.de\"]}]}<\/script>\n<!-- \/ Yoast SEO plugin. -->","yoast_head_json":{"title":"Psychotherapie in Hamburg Eppendorf Verhaltenstherapie","description":"Ich bin Psychologische Psychotherapeutin mit vertiefter Ausbildung in der Fachrichtung Verhaltenstherapie und arbeite in meiner privaten Praxis in Hamburg Eppendorf.","robots":{"index":"index","follow":"follow","max-snippet":"max-snippet:-1","max-image-preview":"max-image-preview:large","max-video-preview":"max-video-preview:-1"},"canonical":"https:\/\/vt-carstens.de\/","og_locale":"de_DE","og_type":"article","og_title":"Psychotherapie in Hamburg Eppendorf Verhaltenstherapie","og_description":"Ich bin Psychologische Psychotherapeutin mit vertiefter Ausbildung in der Fachrichtung Verhaltenstherapie und arbeite in meiner privaten Praxis in Hamburg Eppendorf.","og_url":"https:\/\/vt-carstens.de\/","og_site_name":"Leonie Carstens - Psychotherapie in Hamburg Eppendorf","article_modified_time":"2026-02-23T15:56:54+00:00","og_image":[{"url":"https:\/\/vt-carstens.de\/wp-content\/uploads\/2026\/02\/DSCF9650-200x300.jpg"}],"twitter_card":"summary_large_image","twitter_misc":{"Gesch\u00e4tzte Lesezeit":"1 Minute"},"schema":{"@context":"https:\/\/schema.org","@graph":[{"@type":"WebPage","@id":"https:\/\/vt-carstens.de\/","url":"https:\/\/vt-carstens.de\/","name":"Psychotherapie in Hamburg Eppendorf Verhaltenstherapie","isPartOf":{"@id":"https:\/\/vt-carstens.de\/#website"},"datePublished":"2022-08-03T13:40:04+00:00","dateModified":"2026-02-23T15:56:54+00:00","description":"Ich bin Psychologische Psychotherapeutin mit vertiefter Ausbildung in der Fachrichtung Verhaltenstherapie und arbeite in meiner privaten Praxis in Hamburg Eppendorf.","inLanguage":"de-DE","potentialAction":[{"@type":"ReadAction","target":["https:\/\/vt-carstens.de\/"]}]},{"@type":"WebSite","@id":"https:\/\/vt-carstens.de\/#website","url":"https:\/\/vt-carstens.de\/","name":"Leonie Carstens - Psychotherapie in Hamburg Eppendorf","description":"","publisher":{"@id":"https:\/\/vt-carstens.de\/#\/schema\/person\/c5e58e58193778849ec08f7fbfc83994"},"potentialAction":[{"@type":"SearchAction","target":{"@type":"EntryPoint","urlTemplate":"https:\/\/vt-carstens.de\/?s={search_term_string}"},"query-input":"required name=search_term_string"}],"inLanguage":"de-DE"},{"@type":["Person","Organization"],"@id":"https:\/\/vt-carstens.de\/#\/schema\/person\/c5e58e58193778849ec08f7fbfc83994","name":"admin","image":{"@type":"ImageObject","inLanguage":"de-DE","@id":"https:\/\/vt-carstens.de\/#\/schema\/person\/image\/","url":"https:\/\/vt-carstens.de\/wp-content\/uploads\/2022\/08\/Bild_angepasst-7.jpg","contentUrl":"https:\/\/vt-carstens.de\/wp-content\/uploads\/2022\/08\/Bild_angepasst-7.jpg","width":1132,"height":750,"caption":"admin"},"logo":{"@id":"https:\/\/vt-carstens.de\/#\/schema\/person\/image\/"},"sameAs":["https:\/\/vt-carstens.de"]}]}},"_links":{"self":[{"href":"https:\/\/vt-carstens.de\/index.php?rest_route=\/wp\/v2\/pages\/4"}],"collection":[{"href":"https:\/\/vt-carstens.de\/index.php?rest_route=\/wp\/v2\/pages"}],"about":[{"href":"https:\/\/vt-carstens.de\/index.php?rest_route=\/wp\/v2\/types\/page"}],"author":[{"embeddable":true,"href":"https:\/\/vt-carstens.de\/index.php?rest_route=\/wp\/v2\/users\/1"}],"replies":[{"embeddable":true,"href":"https:\/\/vt-carstens.de\/index.php?rest_route=%2Fwp%2Fv2%2Fcomments&post=4"}],"version-history":[{"count":62,"href":"https:\/\/vt-carstens.de\/index.php?rest_route=\/wp\/v2\/pages\/4\/revisions"}],"predecessor-version":[{"id":275,"href":"https:\/\/vt-carstens.de\/index.php?rest_route=\/wp\/v2\/pages\/4\/revisions\/275"}],"wp:attachment":[{"href":"https:\/\/vt-carstens.de\/index.php?rest_route=%2Fwp%2Fv2%2Fmedia&parent=4"}],"curies":[{"name":"wp","href":"https:\/\/api.w.org\/{rel}","templated":true}]}}