{"id":29,"date":"2022-08-03T14:40:38","date_gmt":"2022-08-03T14:40:38","guid":{"rendered":"https:\/\/vt-carstens.de\/?page_id=29"},"modified":"2022-08-10T20:08:28","modified_gmt":"2022-08-10T20:08:28","slug":"impressum","status":"publish","type":"page","link":"https:\/\/vt-carstens.de\/?page_id=29","title":{"rendered":"Impressum"},"content":{"rendered":"<p><b>Impressum<br \/>\nAngaben gem\u00e4\u00df \u00a7 5 TMG<\/b><br \/>\nLeonie Carstens<br \/>\nPraxis f\u00fcr Psychotherapie<br \/>\nEppendorfer Landstra\u00dfe 96<br \/>\n20249 Hamburg<\/p>\n<p><b>Kontakt<\/b><br \/>\nTelefon: 0174 8181394<br \/>\nE-Mail: business@vt-carstens.de<\/p>\n<p><b>Aufsichtsbeh\u00f6rde<\/b><br \/>\nSozialbeh\u00f6rde<br \/>\nLandespr\u00fcfungsamt f\u00fcr Heilberufe, Freie und Hansestadt Hamburg<br \/>\nBillstra\u00dfe 80<br \/>\n20539 Hamburg<br \/>\nTel: 040-428 37 &#8211; 0<br \/>\nFax: 040-428 37 &#8211; 2632<br \/>\nhttp:\/\/https:\/\/www.hamburg.de\/landespruefungsamt<\/p>\n<p><b>Berufsbezeichnung und berufsrechtliche Regelungen<\/b><br \/>\n<u>Berufsbezeichnung:<\/u><br \/>\nPsychologische Psychotherapeutin<\/p>\n<p>Berufsbezeichnung verliehen von der Sozialbeh\u00f6rde<br \/>\nLandespr\u00fcfungsamt f\u00fcr Heilberufe, Freue und Hansestadt Hamburg<\/p>\n<p>Fachkunde: Verhaltenstherapie<\/p>\n<p><u>Zust\u00e4ndige Kammer:<\/u><br \/>\nPsychotherapeutenkammer Hamburg<br \/>\nHallerstra\u00dfe 61<br \/>\n20146 Hamburg<\/p>\n<p>Verliehen in:<br \/>\nDeutschland<\/p>\n<p><u>Es gelten folgende berufsrechtliche Regelungen:<\/u><\/p>\n<p>Gesetz \u00fcber die Berufe des Psychologischen Psychotherapeuten und des Kinder- und<br \/>\nJugendlichenpsychotherapeuten (Psychotherapeutengesetz \u2013 PsychThG)<br \/>\neinsehbar unter:<br \/>\nhttps:\/\/www.gesetze-im-internet.de\/psychthg_2020\/BJNR160410019.html<\/p>\n<p>Berufsordnung der Psychotherapeutenkammer Hamburg<br \/>\neinsehbar unter:<br \/>\nhttps:\/\/ptk-hamburg.de\/wp-content\/uploads\/2021\/03\/berufsordnung_2012.pdf<\/p>\n<p>Hamburgisches Kammergesetz f\u00fcr die Heilberufe (HmbKGH)<br \/>\neinsehbar unter:<\/p>\n<blockquote class=\"wp-embedded-content\" data-secret=\"TMICphxTZE\"><p><a href=\"https:\/\/ptk-hamburg.de\/\">Home<\/a><\/p><\/blockquote>\n<p><iframe class=\"wp-embedded-content\" sandbox=\"allow-scripts\" security=\"restricted\" style=\"position: absolute; clip: rect(1px, 1px, 1px, 1px);\" title=\"&#8222;Home&#8220; &#8212; Psychotherapeutenkammer Hamburg\" src=\"https:\/\/ptk-hamburg.de\/embed\/#?secret=5haMxbuuV1#?secret=TMICphxTZE\" data-secret=\"TMICphxTZE\" width=\"600\" height=\"338\" frameborder=\"0\" marginwidth=\"0\" marginheight=\"0\" scrolling=\"no\"><\/iframe><\/p>\n<p>Geb\u00fchrenordnung f\u00fcr Psychologische Psychotherapeuten und Kinder- und Jugendlichenpsychotherapeuten<br \/>\n(GOP)<br \/>\neinsehbar unter:<br \/>\nhttp:\/\/www.gesetze-im-internet.de\/gop\/index.html<\/p>\n<p><b>Arztregistereintrag<\/b><br \/>\nEingetragen in das Arztregister der Kassen\u00e4rztlichen Vereinigung Hamburg<br \/>\nHumboldtstra\u00dfe 56<br \/>\n22083 Hamburg<\/p>\n<p>Arztregisternummer: 72942<\/p>\n<p><b>Angaben zur Berufshaftpflichtversicherung<\/b><br \/>\n<u>Name und Sitz des Versicherers:<\/u><br \/>\nBarmenia<br \/>\nAllgemeine Versicherungs-AG<br \/>\nHauptverwaltung<br \/>\nBarmenia-Allee 1<br \/>\n42119 Wuppertal<\/p>\n<p>Geltungsraum der Versicherung:<br \/>\nDeutschland<\/p>\n<p><b>Verbraucherstreitbeilegung\/Universalschlichtungsstelle<\/b><br \/>\nWir sind nicht bereit oder verpflichtet, an Streitbeilegungsverfahren vor einer<br \/>\nVerbraucherschlichtungsstelle teilzunehmen.<\/p>\n<p>Die Seite wurde mit WordPress mit dem Theme GeneratePress erstellt.<\/p>\n<p><b>Quelle:<\/b><br \/>\nhttps:\/\/www.e-recht24.de<\/p>\n","protected":false},"excerpt":{"rendered":"<p>Impressum Angaben gem\u00e4\u00df \u00a7 5 TMG Leonie Carstens Praxis f\u00fcr Psychotherapie Eppendorfer Landstra\u00dfe 96 20249 Hamburg Kontakt Telefon: 0174 8181394 E-Mail: business@vt-carstens.de Aufsichtsbeh\u00f6rde Sozialbeh\u00f6rde Landespr\u00fcfungsamt f\u00fcr Heilberufe, Freie und Hansestadt Hamburg Billstra\u00dfe 80 20539 Hamburg Tel: 040-428 37 &#8211; 0 Fax: 040-428 37 &#8211; 2632 http:\/\/https:\/\/www.hamburg.de\/landespruefungsamt Berufsbezeichnung und berufsrechtliche Regelungen Berufsbezeichnung: Psychologische Psychotherapeutin Berufsbezeichnung verliehen &#8230; <a title=\"Impressum\" class=\"read-more\" href=\"https:\/\/vt-carstens.de\/?page_id=29\" aria-label=\"Read more about Impressum\">Weiterlesen<\/a><\/p>\n","protected":false},"author":1,"featured_media":0,"parent":0,"menu_order":0,"comment_status":"closed","ping_status":"closed","template":"","meta":[],"yoast_head":"<!-- This site is optimized with the Yoast SEO plugin v20.6 - https:\/\/yoast.com\/wordpress\/plugins\/seo\/ -->\n<title>Impressum - Leonie Carstens - Psychotherapie in Hamburg Eppendorf<\/title>\n<meta name=\"robots\" content=\"index, follow, max-snippet:-1, max-image-preview:large, max-video-preview:-1\" \/>\n<link rel=\"canonical\" href=\"https:\/\/vt-carstens.de\/?page_id=29\" \/>\n<meta property=\"og:locale\" content=\"de_DE\" \/>\n<meta property=\"og:type\" content=\"article\" \/>\n<meta property=\"og:title\" content=\"Impressum - Leonie Carstens - Psychotherapie in Hamburg Eppendorf\" \/>\n<meta property=\"og:description\" content=\"Impressum Angaben gem\u00e4\u00df \u00a7 5 TMG Leonie Carstens Praxis f\u00fcr Psychotherapie Eppendorfer Landstra\u00dfe 96 20249 Hamburg Kontakt Telefon: 0174 8181394 E-Mail: business@vt-carstens.de Aufsichtsbeh\u00f6rde Sozialbeh\u00f6rde Landespr\u00fcfungsamt f\u00fcr Heilberufe, Freie und Hansestadt Hamburg Billstra\u00dfe 80 20539 Hamburg Tel: 040-428 37 &#8211; 0 Fax: 040-428 37 &#8211; 2632 http:\/\/https:\/\/www.hamburg.de\/landespruefungsamt Berufsbezeichnung und berufsrechtliche Regelungen Berufsbezeichnung: Psychologische Psychotherapeutin Berufsbezeichnung verliehen ... Weiterlesen\" \/>\n<meta property=\"og:url\" content=\"https:\/\/vt-carstens.de\/?page_id=29\" \/>\n<meta property=\"og:site_name\" content=\"Leonie Carstens - Psychotherapie in Hamburg Eppendorf\" \/>\n<meta property=\"article:modified_time\" content=\"2022-08-10T20:08:28+00:00\" \/>\n<meta name=\"twitter:card\" content=\"summary_large_image\" \/>\n<meta name=\"twitter:label1\" content=\"Gesch\u00e4tzte Lesezeit\" \/>\n\t<meta name=\"twitter:data1\" content=\"1 Minute\" \/>\n<script type=\"application\/ld+json\" class=\"yoast-schema-graph\">{\"@context\":\"https:\/\/schema.org\",\"@graph\":[{\"@type\":\"WebPage\",\"@id\":\"https:\/\/vt-carstens.de\/?page_id=29\",\"url\":\"https:\/\/vt-carstens.de\/?page_id=29\",\"name\":\"Impressum - Leonie Carstens - Psychotherapie in Hamburg Eppendorf\",\"isPartOf\":{\"@id\":\"https:\/\/vt-carstens.de\/#website\"},\"datePublished\":\"2022-08-03T14:40:38+00:00\",\"dateModified\":\"2022-08-10T20:08:28+00:00\",\"breadcrumb\":{\"@id\":\"https:\/\/vt-carstens.de\/?page_id=29#breadcrumb\"},\"inLanguage\":\"de-DE\",\"potentialAction\":[{\"@type\":\"ReadAction\",\"target\":[\"https:\/\/vt-carstens.de\/?page_id=29\"]}]},{\"@type\":\"BreadcrumbList\",\"@id\":\"https:\/\/vt-carstens.de\/?page_id=29#breadcrumb\",\"itemListElement\":[{\"@type\":\"ListItem\",\"position\":1,\"name\":\"Startseite\",\"item\":\"https:\/\/vt-carstens.de\/\"},{\"@type\":\"ListItem\",\"position\":2,\"name\":\"Impressum\"}]},{\"@type\":\"WebSite\",\"@id\":\"https:\/\/vt-carstens.de\/#website\",\"url\":\"https:\/\/vt-carstens.de\/\",\"name\":\"Leonie Carstens - Psychotherapie in Hamburg Eppendorf\",\"description\":\"\",\"publisher\":{\"@id\":\"https:\/\/vt-carstens.de\/#\/schema\/person\/c5e58e58193778849ec08f7fbfc83994\"},\"potentialAction\":[{\"@type\":\"SearchAction\",\"target\":{\"@type\":\"EntryPoint\",\"urlTemplate\":\"https:\/\/vt-carstens.de\/?s={search_term_string}\"},\"query-input\":\"required name=search_term_string\"}],\"inLanguage\":\"de-DE\"},{\"@type\":[\"Person\",\"Organization\"],\"@id\":\"https:\/\/vt-carstens.de\/#\/schema\/person\/c5e58e58193778849ec08f7fbfc83994\",\"name\":\"admin\",\"image\":{\"@type\":\"ImageObject\",\"inLanguage\":\"de-DE\",\"@id\":\"https:\/\/vt-carstens.de\/#\/schema\/person\/image\/\",\"url\":\"https:\/\/vt-carstens.de\/wp-content\/uploads\/2022\/08\/Bild_angepasst-7.jpg\",\"contentUrl\":\"https:\/\/vt-carstens.de\/wp-content\/uploads\/2022\/08\/Bild_angepasst-7.jpg\",\"width\":1132,\"height\":750,\"caption\":\"admin\"},\"logo\":{\"@id\":\"https:\/\/vt-carstens.de\/#\/schema\/person\/image\/\"},\"sameAs\":[\"https:\/\/vt-carstens.de\"]}]}<\/script>\n<!-- \/ Yoast SEO plugin. -->","yoast_head_json":{"title":"Impressum - Leonie Carstens - Psychotherapie in Hamburg Eppendorf","robots":{"index":"index","follow":"follow","max-snippet":"max-snippet:-1","max-image-preview":"max-image-preview:large","max-video-preview":"max-video-preview:-1"},"canonical":"https:\/\/vt-carstens.de\/?page_id=29","og_locale":"de_DE","og_type":"article","og_title":"Impressum - Leonie Carstens - Psychotherapie in Hamburg Eppendorf","og_description":"Impressum Angaben gem\u00e4\u00df \u00a7 5 TMG Leonie Carstens Praxis f\u00fcr Psychotherapie Eppendorfer Landstra\u00dfe 96 20249 Hamburg Kontakt Telefon: 0174 8181394 E-Mail: business@vt-carstens.de Aufsichtsbeh\u00f6rde Sozialbeh\u00f6rde Landespr\u00fcfungsamt f\u00fcr Heilberufe, Freie und Hansestadt Hamburg Billstra\u00dfe 80 20539 Hamburg Tel: 040-428 37 &#8211; 0 Fax: 040-428 37 &#8211; 2632 http:\/\/https:\/\/www.hamburg.de\/landespruefungsamt Berufsbezeichnung und berufsrechtliche Regelungen Berufsbezeichnung: Psychologische Psychotherapeutin Berufsbezeichnung verliehen ... Weiterlesen","og_url":"https:\/\/vt-carstens.de\/?page_id=29","og_site_name":"Leonie Carstens - Psychotherapie in Hamburg Eppendorf","article_modified_time":"2022-08-10T20:08:28+00:00","twitter_card":"summary_large_image","twitter_misc":{"Gesch\u00e4tzte Lesezeit":"1 Minute"},"schema":{"@context":"https:\/\/schema.org","@graph":[{"@type":"WebPage","@id":"https:\/\/vt-carstens.de\/?page_id=29","url":"https:\/\/vt-carstens.de\/?page_id=29","name":"Impressum - Leonie Carstens - Psychotherapie in Hamburg Eppendorf","isPartOf":{"@id":"https:\/\/vt-carstens.de\/#website"},"datePublished":"2022-08-03T14:40:38+00:00","dateModified":"2022-08-10T20:08:28+00:00","breadcrumb":{"@id":"https:\/\/vt-carstens.de\/?page_id=29#breadcrumb"},"inLanguage":"de-DE","potentialAction":[{"@type":"ReadAction","target":["https:\/\/vt-carstens.de\/?page_id=29"]}]},{"@type":"BreadcrumbList","@id":"https:\/\/vt-carstens.de\/?page_id=29#breadcrumb","itemListElement":[{"@type":"ListItem","position":1,"name":"Startseite","item":"https:\/\/vt-carstens.de\/"},{"@type":"ListItem","position":2,"name":"Impressum"}]},{"@type":"WebSite","@id":"https:\/\/vt-carstens.de\/#website","url":"https:\/\/vt-carstens.de\/","name":"Leonie Carstens - Psychotherapie in Hamburg Eppendorf","description":"","publisher":{"@id":"https:\/\/vt-carstens.de\/#\/schema\/person\/c5e58e58193778849ec08f7fbfc83994"},"potentialAction":[{"@type":"SearchAction","target":{"@type":"EntryPoint","urlTemplate":"https:\/\/vt-carstens.de\/?s={search_term_string}"},"query-input":"required name=search_term_string"}],"inLanguage":"de-DE"},{"@type":["Person","Organization"],"@id":"https:\/\/vt-carstens.de\/#\/schema\/person\/c5e58e58193778849ec08f7fbfc83994","name":"admin","image":{"@type":"ImageObject","inLanguage":"de-DE","@id":"https:\/\/vt-carstens.de\/#\/schema\/person\/image\/","url":"https:\/\/vt-carstens.de\/wp-content\/uploads\/2022\/08\/Bild_angepasst-7.jpg","contentUrl":"https:\/\/vt-carstens.de\/wp-content\/uploads\/2022\/08\/Bild_angepasst-7.jpg","width":1132,"height":750,"caption":"admin"},"logo":{"@id":"https:\/\/vt-carstens.de\/#\/schema\/person\/image\/"},"sameAs":["https:\/\/vt-carstens.de"]}]}},"_links":{"self":[{"href":"https:\/\/vt-carstens.de\/index.php?rest_route=\/wp\/v2\/pages\/29"}],"collection":[{"href":"https:\/\/vt-carstens.de\/index.php?rest_route=\/wp\/v2\/pages"}],"about":[{"href":"https:\/\/vt-carstens.de\/index.php?rest_route=\/wp\/v2\/types\/page"}],"author":[{"embeddable":true,"href":"https:\/\/vt-carstens.de\/index.php?rest_route=\/wp\/v2\/users\/1"}],"replies":[{"embeddable":true,"href":"https:\/\/vt-carstens.de\/index.php?rest_route=%2Fwp%2Fv2%2Fcomments&post=29"}],"version-history":[{"count":6,"href":"https:\/\/vt-carstens.de\/index.php?rest_route=\/wp\/v2\/pages\/29\/revisions"}],"predecessor-version":[{"id":191,"href":"https:\/\/vt-carstens.de\/index.php?rest_route=\/wp\/v2\/pages\/29\/revisions\/191"}],"wp:attachment":[{"href":"https:\/\/vt-carstens.de\/index.php?rest_route=%2Fwp%2Fv2%2Fmedia&parent=29"}],"curies":[{"name":"wp","href":"https:\/\/api.w.org\/{rel}","templated":true}]}}