{"id":27,"date":"2022-08-03T14:40:38","date_gmt":"2022-08-03T14:40:38","guid":{"rendered":"https:\/\/vt-carstens.de\/?page_id=27"},"modified":"2022-08-09T16:33:58","modified_gmt":"2022-08-09T16:33:58","slug":"kontakt","status":"publish","type":"page","link":"https:\/\/vt-carstens.de\/?page_id=27","title":{"rendered":"Kontakt"},"content":{"rendered":"\t\t<div data-elementor-type=\"wp-page\" data-elementor-id=\"27\" class=\"elementor elementor-27\">\n\t\t\t\t\t\t<section class=\"elementor-section elementor-top-section elementor-element elementor-element-da69052 elementor-section-boxed elementor-section-height-default elementor-section-height-default\" data-id=\"da69052\" data-element_type=\"section\">\n\t\t\t\t\t\t<div class=\"elementor-container elementor-column-gap-default\">\n\t\t\t\t\t<div class=\"elementor-column elementor-col-50 elementor-top-column elementor-element elementor-element-0013eae\" data-id=\"0013eae\" data-element_type=\"column\">\n\t\t\t<div class=\"elementor-widget-wrap elementor-element-populated\">\n\t\t\t\t\t\t<section class=\"elementor-section elementor-inner-section elementor-element elementor-element-f313c43 elementor-section-boxed elementor-section-height-default elementor-section-height-default\" data-id=\"f313c43\" data-element_type=\"section\">\n\t\t\t\t\t\t<div class=\"elementor-container elementor-column-gap-default\">\n\t\t\t\t\t<div class=\"elementor-column elementor-col-100 elementor-inner-column elementor-element elementor-element-0c63a3f\" data-id=\"0c63a3f\" data-element_type=\"column\">\n\t\t\t<div class=\"elementor-widget-wrap elementor-element-populated\">\n\t\t\t\t\t\t<div class=\"elementor-element elementor-element-a621f74 elementor-widget elementor-widget-text-editor\" data-id=\"a621f74\" data-element_type=\"widget\" data-widget_type=\"text-editor.default\">\n\t\t\t\t<div class=\"elementor-widget-container\">\n\t\t\t<style>\/*! elementor - v3.23.0 - 05-08-2024 *\/\n.elementor-widget-text-editor.elementor-drop-cap-view-stacked .elementor-drop-cap{background-color:#69727d;color:#fff}.elementor-widget-text-editor.elementor-drop-cap-view-framed .elementor-drop-cap{color:#69727d;border:3px solid;background-color:transparent}.elementor-widget-text-editor:not(.elementor-drop-cap-view-default) .elementor-drop-cap{margin-top:8px}.elementor-widget-text-editor:not(.elementor-drop-cap-view-default) .elementor-drop-cap-letter{width:1em;height:1em}.elementor-widget-text-editor .elementor-drop-cap{float:left;text-align:center;line-height:1;font-size:50px}.elementor-widget-text-editor .elementor-drop-cap-letter{display:inline-block}<\/style>\t\t\t\t<p>Schreiben Sie mir gerne eine E-Mail mit Ihrem Anliegen und Ihrer Telefonnummer. Ich kontaktiere Sie dann zum Besprechen des weiteren Vorgehens.<br \/>Bitte beachten Sie bei einer Kontaktaufnahme per E-Mail, dass eine Daten\u00fcbertragung im Internet Sicherheitsl\u00fccken aufweisen kann und ein kompletter Schutz der Daten vor einem Zugriff durch Dritte nicht m\u00f6glich ist. Bei einer Kontaktaufnahme per E-Mail erfolgt die Verarbeitung Ihrer Daten aufgrund Ihrer freiwillig erteilten Einwilligung gem\u00e4\u00df Artikel 1 Satz 1 DSGVO.<\/p>\t\t\t\t\t\t<\/div>\n\t\t\t\t<\/div>\n\t\t\t\t\t<\/div>\n\t\t<\/div>\n\t\t\t\t\t<\/div>\n\t\t<\/section>\n\t\t\t\t\t<\/div>\n\t\t<\/div>\n\t\t\t\t<div class=\"elementor-column elementor-col-50 elementor-top-column elementor-element elementor-element-cba59a2\" data-id=\"cba59a2\" data-element_type=\"column\">\n\t\t\t<div class=\"elementor-widget-wrap elementor-element-populated\">\n\t\t\t\t\t\t<div class=\"elementor-element elementor-element-8787645 elementor-widget elementor-widget-text-editor\" data-id=\"8787645\" data-element_type=\"widget\" data-widget_type=\"text-editor.default\">\n\t\t\t\t<div class=\"elementor-widget-container\">\n\t\t\t\t\t\t\t<p><strong>Praxisanschrift:<\/strong><br>Eppendorfer Landstra\u00dfe 96<br>20249 Hamburg<\/p>\n<p><strong>E-Mail:<\/strong><br>kontakt@vt-carstens.de<\/p>\n<p><strong>Telefonnummer:<\/strong><br>0174 81 81 394<\/p>\t\t\t\t\t\t<\/div>\n\t\t\t\t<\/div>\n\t\t\t\t\t<\/div>\n\t\t<\/div>\n\t\t\t\t\t<\/div>\n\t\t<\/section>\n\t\t\t\t<\/div>\n\t\t","protected":false},"excerpt":{"rendered":"<p>Schreiben Sie mir gerne eine E-Mail mit Ihrem Anliegen und Ihrer Telefonnummer. Ich kontaktiere Sie dann zum Besprechen des weiteren Vorgehens.Bitte beachten Sie bei einer Kontaktaufnahme per E-Mail, dass eine Daten\u00fcbertragung im Internet Sicherheitsl\u00fccken aufweisen kann und ein kompletter Schutz der Daten vor einem Zugriff durch Dritte nicht m\u00f6glich ist. Bei einer Kontaktaufnahme per E-Mail &#8230; <a title=\"Kontakt\" class=\"read-more\" href=\"https:\/\/vt-carstens.de\/?page_id=27\" aria-label=\"Read more about Kontakt\">Weiterlesen<\/a><\/p>\n","protected":false},"author":1,"featured_media":0,"parent":0,"menu_order":0,"comment_status":"closed","ping_status":"closed","template":"","meta":[],"yoast_head":"<!-- This site is optimized with the Yoast SEO plugin v20.6 - https:\/\/yoast.com\/wordpress\/plugins\/seo\/ -->\n<title>Kontakt - Leonie Carstens - Psychotherapie in Hamburg Eppendorf<\/title>\n<meta name=\"robots\" content=\"index, follow, max-snippet:-1, max-image-preview:large, max-video-preview:-1\" \/>\n<link rel=\"canonical\" href=\"https:\/\/vt-carstens.de\/?page_id=27\" \/>\n<meta property=\"og:locale\" content=\"de_DE\" \/>\n<meta property=\"og:type\" content=\"article\" \/>\n<meta property=\"og:title\" content=\"Kontakt - Leonie Carstens - Psychotherapie in Hamburg Eppendorf\" \/>\n<meta property=\"og:description\" content=\"Schreiben Sie mir gerne eine E-Mail mit Ihrem Anliegen und Ihrer Telefonnummer. Ich kontaktiere Sie dann zum Besprechen des weiteren Vorgehens.Bitte beachten Sie bei einer Kontaktaufnahme per E-Mail, dass eine Daten\u00fcbertragung im Internet Sicherheitsl\u00fccken aufweisen kann und ein kompletter Schutz der Daten vor einem Zugriff durch Dritte nicht m\u00f6glich ist. Bei einer Kontaktaufnahme per E-Mail ... Weiterlesen\" \/>\n<meta property=\"og:url\" content=\"https:\/\/vt-carstens.de\/?page_id=27\" \/>\n<meta property=\"og:site_name\" content=\"Leonie Carstens - Psychotherapie in Hamburg Eppendorf\" \/>\n<meta property=\"article:modified_time\" content=\"2022-08-09T16:33:58+00:00\" \/>\n<meta name=\"twitter:card\" content=\"summary_large_image\" \/>\n<script type=\"application\/ld+json\" class=\"yoast-schema-graph\">{\"@context\":\"https:\/\/schema.org\",\"@graph\":[{\"@type\":\"WebPage\",\"@id\":\"https:\/\/vt-carstens.de\/?page_id=27\",\"url\":\"https:\/\/vt-carstens.de\/?page_id=27\",\"name\":\"Kontakt - Leonie Carstens - Psychotherapie in Hamburg Eppendorf\",\"isPartOf\":{\"@id\":\"https:\/\/vt-carstens.de\/#website\"},\"datePublished\":\"2022-08-03T14:40:38+00:00\",\"dateModified\":\"2022-08-09T16:33:58+00:00\",\"breadcrumb\":{\"@id\":\"https:\/\/vt-carstens.de\/?page_id=27#breadcrumb\"},\"inLanguage\":\"de-DE\",\"potentialAction\":[{\"@type\":\"ReadAction\",\"target\":[\"https:\/\/vt-carstens.de\/?page_id=27\"]}]},{\"@type\":\"BreadcrumbList\",\"@id\":\"https:\/\/vt-carstens.de\/?page_id=27#breadcrumb\",\"itemListElement\":[{\"@type\":\"ListItem\",\"position\":1,\"name\":\"Startseite\",\"item\":\"https:\/\/vt-carstens.de\/\"},{\"@type\":\"ListItem\",\"position\":2,\"name\":\"Kontakt\"}]},{\"@type\":\"WebSite\",\"@id\":\"https:\/\/vt-carstens.de\/#website\",\"url\":\"https:\/\/vt-carstens.de\/\",\"name\":\"Leonie Carstens - Psychotherapie in Hamburg Eppendorf\",\"description\":\"\",\"publisher\":{\"@id\":\"https:\/\/vt-carstens.de\/#\/schema\/person\/c5e58e58193778849ec08f7fbfc83994\"},\"potentialAction\":[{\"@type\":\"SearchAction\",\"target\":{\"@type\":\"EntryPoint\",\"urlTemplate\":\"https:\/\/vt-carstens.de\/?s={search_term_string}\"},\"query-input\":\"required name=search_term_string\"}],\"inLanguage\":\"de-DE\"},{\"@type\":[\"Person\",\"Organization\"],\"@id\":\"https:\/\/vt-carstens.de\/#\/schema\/person\/c5e58e58193778849ec08f7fbfc83994\",\"name\":\"admin\",\"image\":{\"@type\":\"ImageObject\",\"inLanguage\":\"de-DE\",\"@id\":\"https:\/\/vt-carstens.de\/#\/schema\/person\/image\/\",\"url\":\"https:\/\/vt-carstens.de\/wp-content\/uploads\/2022\/08\/Bild_angepasst-7.jpg\",\"contentUrl\":\"https:\/\/vt-carstens.de\/wp-content\/uploads\/2022\/08\/Bild_angepasst-7.jpg\",\"width\":1132,\"height\":750,\"caption\":\"admin\"},\"logo\":{\"@id\":\"https:\/\/vt-carstens.de\/#\/schema\/person\/image\/\"},\"sameAs\":[\"https:\/\/vt-carstens.de\"]}]}<\/script>\n<!-- \/ Yoast SEO plugin. -->","yoast_head_json":{"title":"Kontakt - Leonie Carstens - Psychotherapie in Hamburg Eppendorf","robots":{"index":"index","follow":"follow","max-snippet":"max-snippet:-1","max-image-preview":"max-image-preview:large","max-video-preview":"max-video-preview:-1"},"canonical":"https:\/\/vt-carstens.de\/?page_id=27","og_locale":"de_DE","og_type":"article","og_title":"Kontakt - Leonie Carstens - Psychotherapie in Hamburg Eppendorf","og_description":"Schreiben Sie mir gerne eine E-Mail mit Ihrem Anliegen und Ihrer Telefonnummer. Ich kontaktiere Sie dann zum Besprechen des weiteren Vorgehens.Bitte beachten Sie bei einer Kontaktaufnahme per E-Mail, dass eine Daten\u00fcbertragung im Internet Sicherheitsl\u00fccken aufweisen kann und ein kompletter Schutz der Daten vor einem Zugriff durch Dritte nicht m\u00f6glich ist. Bei einer Kontaktaufnahme per E-Mail ... Weiterlesen","og_url":"https:\/\/vt-carstens.de\/?page_id=27","og_site_name":"Leonie Carstens - Psychotherapie in Hamburg Eppendorf","article_modified_time":"2022-08-09T16:33:58+00:00","twitter_card":"summary_large_image","schema":{"@context":"https:\/\/schema.org","@graph":[{"@type":"WebPage","@id":"https:\/\/vt-carstens.de\/?page_id=27","url":"https:\/\/vt-carstens.de\/?page_id=27","name":"Kontakt - Leonie Carstens - Psychotherapie in Hamburg Eppendorf","isPartOf":{"@id":"https:\/\/vt-carstens.de\/#website"},"datePublished":"2022-08-03T14:40:38+00:00","dateModified":"2022-08-09T16:33:58+00:00","breadcrumb":{"@id":"https:\/\/vt-carstens.de\/?page_id=27#breadcrumb"},"inLanguage":"de-DE","potentialAction":[{"@type":"ReadAction","target":["https:\/\/vt-carstens.de\/?page_id=27"]}]},{"@type":"BreadcrumbList","@id":"https:\/\/vt-carstens.de\/?page_id=27#breadcrumb","itemListElement":[{"@type":"ListItem","position":1,"name":"Startseite","item":"https:\/\/vt-carstens.de\/"},{"@type":"ListItem","position":2,"name":"Kontakt"}]},{"@type":"WebSite","@id":"https:\/\/vt-carstens.de\/#website","url":"https:\/\/vt-carstens.de\/","name":"Leonie Carstens - Psychotherapie in Hamburg Eppendorf","description":"","publisher":{"@id":"https:\/\/vt-carstens.de\/#\/schema\/person\/c5e58e58193778849ec08f7fbfc83994"},"potentialAction":[{"@type":"SearchAction","target":{"@type":"EntryPoint","urlTemplate":"https:\/\/vt-carstens.de\/?s={search_term_string}"},"query-input":"required name=search_term_string"}],"inLanguage":"de-DE"},{"@type":["Person","Organization"],"@id":"https:\/\/vt-carstens.de\/#\/schema\/person\/c5e58e58193778849ec08f7fbfc83994","name":"admin","image":{"@type":"ImageObject","inLanguage":"de-DE","@id":"https:\/\/vt-carstens.de\/#\/schema\/person\/image\/","url":"https:\/\/vt-carstens.de\/wp-content\/uploads\/2022\/08\/Bild_angepasst-7.jpg","contentUrl":"https:\/\/vt-carstens.de\/wp-content\/uploads\/2022\/08\/Bild_angepasst-7.jpg","width":1132,"height":750,"caption":"admin"},"logo":{"@id":"https:\/\/vt-carstens.de\/#\/schema\/person\/image\/"},"sameAs":["https:\/\/vt-carstens.de"]}]}},"_links":{"self":[{"href":"https:\/\/vt-carstens.de\/index.php?rest_route=\/wp\/v2\/pages\/27"}],"collection":[{"href":"https:\/\/vt-carstens.de\/index.php?rest_route=\/wp\/v2\/pages"}],"about":[{"href":"https:\/\/vt-carstens.de\/index.php?rest_route=\/wp\/v2\/types\/page"}],"author":[{"embeddable":true,"href":"https:\/\/vt-carstens.de\/index.php?rest_route=\/wp\/v2\/users\/1"}],"replies":[{"embeddable":true,"href":"https:\/\/vt-carstens.de\/index.php?rest_route=%2Fwp%2Fv2%2Fcomments&post=27"}],"version-history":[{"count":15,"href":"https:\/\/vt-carstens.de\/index.php?rest_route=\/wp\/v2\/pages\/27\/revisions"}],"predecessor-version":[{"id":161,"href":"https:\/\/vt-carstens.de\/index.php?rest_route=\/wp\/v2\/pages\/27\/revisions\/161"}],"wp:attachment":[{"href":"https:\/\/vt-carstens.de\/index.php?rest_route=%2Fwp%2Fv2%2Fmedia&parent=27"}],"curies":[{"name":"wp","href":"https:\/\/api.w.org\/{rel}","templated":true}]}}