{"id":26,"date":"2022-08-03T14:40:38","date_gmt":"2022-08-03T14:40:38","guid":{"rendered":"https:\/\/vt-carstens.de\/?page_id=26"},"modified":"2022-08-06T10:00:42","modified_gmt":"2022-08-06T10:00:42","slug":"kosten","status":"publish","type":"page","link":"https:\/\/vt-carstens.de\/?page_id=26","title":{"rendered":"Kosten"},"content":{"rendered":"\t\t<div data-elementor-type=\"wp-page\" data-elementor-id=\"26\" class=\"elementor elementor-26\">\n\t\t\t\t\t\t<section class=\"elementor-section elementor-top-section elementor-element elementor-element-46eee0bc elementor-section-boxed elementor-section-height-default elementor-section-height-default\" data-id=\"46eee0bc\" data-element_type=\"section\">\n\t\t\t\t\t\t<div class=\"elementor-container elementor-column-gap-default\">\n\t\t\t\t\t<div class=\"elementor-column elementor-col-100 elementor-top-column elementor-element elementor-element-3138d4a3\" data-id=\"3138d4a3\" data-element_type=\"column\">\n\t\t\t<div class=\"elementor-widget-wrap elementor-element-populated\">\n\t\t\t\t\t\t<div class=\"elementor-element elementor-element-3a5f4191 elementor-widget elementor-widget-text-editor\" data-id=\"3a5f4191\" data-element_type=\"widget\" data-widget_type=\"text-editor.default\">\n\t\t\t\t<div class=\"elementor-widget-container\">\n\t\t\t<style>\/*! elementor - v3.23.0 - 05-08-2024 *\/\n.elementor-widget-text-editor.elementor-drop-cap-view-stacked .elementor-drop-cap{background-color:#69727d;color:#fff}.elementor-widget-text-editor.elementor-drop-cap-view-framed .elementor-drop-cap{color:#69727d;border:3px solid;background-color:transparent}.elementor-widget-text-editor:not(.elementor-drop-cap-view-default) .elementor-drop-cap{margin-top:8px}.elementor-widget-text-editor:not(.elementor-drop-cap-view-default) .elementor-drop-cap-letter{width:1em;height:1em}.elementor-widget-text-editor .elementor-drop-cap{float:left;text-align:center;line-height:1;font-size:50px}.elementor-widget-text-editor .elementor-drop-cap-letter{display:inline-block}<\/style>\t\t\t\t<!-- wp:paragraph -->\n<p><strong>Gesetzliche Krankenkassen \/ Kostenerstattungsverfahren:<\/strong><br>Ich betreibe eine Privatpraxis, deshalb kann ich gesetzlich Versicherte ausschlie\u00dflich \u00fcber das Kostenerstattungsverfahren (nach \u00a7 13,3 SGB V) oder als Selbstbezahlende behandeln.<br>Sollte das Kostenerstattungsverfahren f\u00fcr Sie in Frage kommen, informieren Sie sich bitte bei Ihrer Krankenkasse nach den Vorgaben und ben\u00f6tigten Unterlagen f\u00fcr die Antragstellung, bei der ich Sie nat\u00fcrlich gerne unterst\u00fctze.<\/p>\n<!-- \/wp:paragraph -->\n\n<!-- wp:paragraph -->\n<p>Weitere Informationen rund um das Thema Kostenerstattung finden Sie hier:<\/p>\n<!-- \/wp:paragraph -->\n\n<!-- wp:paragraph -->\n<p><a href=\"https:\/\/www.therapie.de\/psyche\/info\/fragen\/wichtigste-fragen\/psychotherapie-kostenerstattung\/\">https:\/\/www.therapie.de\/psyche\/info\/fragen\/wichtigste-fragen\/psychotherapie-kostenerstattung\/<\/a><\/p>\n<!-- \/wp:paragraph -->\n\n<!-- wp:paragraph -->\n<p><a href=\"https:\/\/kassenwatch.de\/hinweise-fuer-patientinnen\">https:\/\/kassenwatch.de\/hinweise-fuer-patientinnen<\/a><\/p>\n<!-- \/wp:paragraph -->\n\n<!-- wp:paragraph -->\n<p><strong>Selbstzahlende:<\/strong><br>Sollten Sie sich daf\u00fcr entscheiden, die Kosten f\u00fcr die Therapie selbst zu tragen entfallen weitere Formalit\u00e4ten und es kann sofort mit der Behandlung begonnen werden. Es werden keine Informationen \u00fcber Ihre psychotherapeutische Behandlung bei Ihrer Krankenkasse hinterlegt, was von Bedeutung sein kann, sollten Sie eine Verbeamtung, einen Wechsel in die GKV oder den Abschluss einer Berufsunf\u00e4higkeitsversicherung beabsichtigen.<br>Die Abrechnung erfolgt nach der aktuellen Geb\u00fchrenordnung f\u00fcr Psychologen (GOP).<\/p>\n<!-- \/wp:paragraph -->\n\n<!-- wp:paragraph -->\n<p><strong>Private Krankenversicherung und Beihilfe:<\/strong><br>Generell werden die Kosten f\u00fcr eine Psychotherapie von der Beihilfe und den privaten Krankenversicherungen \u00fcbernommen. Auch hier erfolgt die Abrechnung nach der aktuellen Geb\u00fchrenordnung f\u00fcr Psychotherapeuten.<br>Bitte informieren Sie sich bei Ihrer Krankenkasse dar\u00fcber, in welchem Umfang die Kosten f\u00fcr eine Psychotherapie \u00fcbernommen wird, da sich dies je nach gew\u00e4hltem Tarif unterscheidet.<\/p>\n<!-- \/wp:paragraph -->\t\t\t\t\t\t<\/div>\n\t\t\t\t<\/div>\n\t\t\t\t\t<\/div>\n\t\t<\/div>\n\t\t\t\t\t<\/div>\n\t\t<\/section>\n\t\t\t\t<\/div>\n\t\t","protected":false},"excerpt":{"rendered":"<p>Gesetzliche Krankenkassen \/ Kostenerstattungsverfahren:Ich betreibe eine Privatpraxis, deshalb kann ich gesetzlich Versicherte ausschlie\u00dflich \u00fcber das Kostenerstattungsverfahren (nach \u00a7 13,3 SGB V) oder als Selbstbezahlende behandeln.Sollte das Kostenerstattungsverfahren f\u00fcr Sie in Frage kommen, informieren Sie sich bitte bei Ihrer Krankenkasse \u00fcber die Vorgaben und die ben\u00f6tigten Unterlagen f\u00fcr die Antragstellung, bei der ich Sie nat\u00fcrlich gerne &#8230; <a title=\"Kosten\" class=\"read-more\" href=\"https:\/\/vt-carstens.de\/?page_id=26\" aria-label=\"Read more about Kosten\">Weiterlesen<\/a><\/p>\n","protected":false},"author":1,"featured_media":0,"parent":0,"menu_order":0,"comment_status":"closed","ping_status":"closed","template":"","meta":[],"yoast_head":"<!-- This site is optimized with the Yoast SEO plugin v20.6 - https:\/\/yoast.com\/wordpress\/plugins\/seo\/ -->\n<title>Kosten - Leonie Carstens - Psychotherapie in Hamburg Eppendorf<\/title>\n<meta name=\"robots\" content=\"index, follow, max-snippet:-1, max-image-preview:large, max-video-preview:-1\" \/>\n<link rel=\"canonical\" href=\"https:\/\/vt-carstens.de\/?page_id=26\" \/>\n<meta property=\"og:locale\" content=\"de_DE\" \/>\n<meta property=\"og:type\" content=\"article\" \/>\n<meta property=\"og:title\" content=\"Kosten - Leonie Carstens - Psychotherapie in Hamburg Eppendorf\" \/>\n<meta property=\"og:description\" content=\"Gesetzliche Krankenkassen \/ Kostenerstattungsverfahren:Ich betreibe eine Privatpraxis, deshalb kann ich gesetzlich Versicherte ausschlie\u00dflich \u00fcber das Kostenerstattungsverfahren (nach \u00a7 13,3 SGB V) oder als Selbstbezahlende behandeln.Sollte das Kostenerstattungsverfahren f\u00fcr Sie in Frage kommen, informieren Sie sich bitte bei Ihrer Krankenkasse \u00fcber die Vorgaben und die ben\u00f6tigten Unterlagen f\u00fcr die Antragstellung, bei der ich Sie nat\u00fcrlich gerne ... Weiterlesen\" \/>\n<meta property=\"og:url\" content=\"https:\/\/vt-carstens.de\/?page_id=26\" \/>\n<meta property=\"og:site_name\" content=\"Leonie Carstens - Psychotherapie in Hamburg Eppendorf\" \/>\n<meta property=\"article:modified_time\" content=\"2022-08-06T10:00:42+00:00\" \/>\n<meta name=\"twitter:card\" content=\"summary_large_image\" \/>\n<meta name=\"twitter:label1\" content=\"Gesch\u00e4tzte Lesezeit\" \/>\n\t<meta name=\"twitter:data1\" content=\"1 Minute\" \/>\n<script type=\"application\/ld+json\" class=\"yoast-schema-graph\">{\"@context\":\"https:\/\/schema.org\",\"@graph\":[{\"@type\":\"WebPage\",\"@id\":\"https:\/\/vt-carstens.de\/?page_id=26\",\"url\":\"https:\/\/vt-carstens.de\/?page_id=26\",\"name\":\"Kosten - Leonie Carstens - Psychotherapie in Hamburg Eppendorf\",\"isPartOf\":{\"@id\":\"https:\/\/vt-carstens.de\/#website\"},\"datePublished\":\"2022-08-03T14:40:38+00:00\",\"dateModified\":\"2022-08-06T10:00:42+00:00\",\"breadcrumb\":{\"@id\":\"https:\/\/vt-carstens.de\/?page_id=26#breadcrumb\"},\"inLanguage\":\"de-DE\",\"potentialAction\":[{\"@type\":\"ReadAction\",\"target\":[\"https:\/\/vt-carstens.de\/?page_id=26\"]}]},{\"@type\":\"BreadcrumbList\",\"@id\":\"https:\/\/vt-carstens.de\/?page_id=26#breadcrumb\",\"itemListElement\":[{\"@type\":\"ListItem\",\"position\":1,\"name\":\"Startseite\",\"item\":\"https:\/\/vt-carstens.de\/\"},{\"@type\":\"ListItem\",\"position\":2,\"name\":\"Kosten\"}]},{\"@type\":\"WebSite\",\"@id\":\"https:\/\/vt-carstens.de\/#website\",\"url\":\"https:\/\/vt-carstens.de\/\",\"name\":\"Leonie Carstens - Psychotherapie in Hamburg Eppendorf\",\"description\":\"\",\"publisher\":{\"@id\":\"https:\/\/vt-carstens.de\/#\/schema\/person\/c5e58e58193778849ec08f7fbfc83994\"},\"potentialAction\":[{\"@type\":\"SearchAction\",\"target\":{\"@type\":\"EntryPoint\",\"urlTemplate\":\"https:\/\/vt-carstens.de\/?s={search_term_string}\"},\"query-input\":\"required name=search_term_string\"}],\"inLanguage\":\"de-DE\"},{\"@type\":[\"Person\",\"Organization\"],\"@id\":\"https:\/\/vt-carstens.de\/#\/schema\/person\/c5e58e58193778849ec08f7fbfc83994\",\"name\":\"admin\",\"image\":{\"@type\":\"ImageObject\",\"inLanguage\":\"de-DE\",\"@id\":\"https:\/\/vt-carstens.de\/#\/schema\/person\/image\/\",\"url\":\"https:\/\/vt-carstens.de\/wp-content\/uploads\/2022\/08\/Bild_angepasst-7.jpg\",\"contentUrl\":\"https:\/\/vt-carstens.de\/wp-content\/uploads\/2022\/08\/Bild_angepasst-7.jpg\",\"width\":1132,\"height\":750,\"caption\":\"admin\"},\"logo\":{\"@id\":\"https:\/\/vt-carstens.de\/#\/schema\/person\/image\/\"},\"sameAs\":[\"https:\/\/vt-carstens.de\"]}]}<\/script>\n<!-- \/ Yoast SEO plugin. -->","yoast_head_json":{"title":"Kosten - Leonie Carstens - Psychotherapie in Hamburg Eppendorf","robots":{"index":"index","follow":"follow","max-snippet":"max-snippet:-1","max-image-preview":"max-image-preview:large","max-video-preview":"max-video-preview:-1"},"canonical":"https:\/\/vt-carstens.de\/?page_id=26","og_locale":"de_DE","og_type":"article","og_title":"Kosten - Leonie Carstens - Psychotherapie in Hamburg Eppendorf","og_description":"Gesetzliche Krankenkassen \/ Kostenerstattungsverfahren:Ich betreibe eine Privatpraxis, deshalb kann ich gesetzlich Versicherte ausschlie\u00dflich \u00fcber das Kostenerstattungsverfahren (nach \u00a7 13,3 SGB V) oder als Selbstbezahlende behandeln.Sollte das Kostenerstattungsverfahren f\u00fcr Sie in Frage kommen, informieren Sie sich bitte bei Ihrer Krankenkasse \u00fcber die Vorgaben und die ben\u00f6tigten Unterlagen f\u00fcr die Antragstellung, bei der ich Sie nat\u00fcrlich gerne ... Weiterlesen","og_url":"https:\/\/vt-carstens.de\/?page_id=26","og_site_name":"Leonie Carstens - Psychotherapie in Hamburg Eppendorf","article_modified_time":"2022-08-06T10:00:42+00:00","twitter_card":"summary_large_image","twitter_misc":{"Gesch\u00e4tzte Lesezeit":"1 Minute"},"schema":{"@context":"https:\/\/schema.org","@graph":[{"@type":"WebPage","@id":"https:\/\/vt-carstens.de\/?page_id=26","url":"https:\/\/vt-carstens.de\/?page_id=26","name":"Kosten - Leonie Carstens - Psychotherapie in Hamburg Eppendorf","isPartOf":{"@id":"https:\/\/vt-carstens.de\/#website"},"datePublished":"2022-08-03T14:40:38+00:00","dateModified":"2022-08-06T10:00:42+00:00","breadcrumb":{"@id":"https:\/\/vt-carstens.de\/?page_id=26#breadcrumb"},"inLanguage":"de-DE","potentialAction":[{"@type":"ReadAction","target":["https:\/\/vt-carstens.de\/?page_id=26"]}]},{"@type":"BreadcrumbList","@id":"https:\/\/vt-carstens.de\/?page_id=26#breadcrumb","itemListElement":[{"@type":"ListItem","position":1,"name":"Startseite","item":"https:\/\/vt-carstens.de\/"},{"@type":"ListItem","position":2,"name":"Kosten"}]},{"@type":"WebSite","@id":"https:\/\/vt-carstens.de\/#website","url":"https:\/\/vt-carstens.de\/","name":"Leonie Carstens - Psychotherapie in Hamburg Eppendorf","description":"","publisher":{"@id":"https:\/\/vt-carstens.de\/#\/schema\/person\/c5e58e58193778849ec08f7fbfc83994"},"potentialAction":[{"@type":"SearchAction","target":{"@type":"EntryPoint","urlTemplate":"https:\/\/vt-carstens.de\/?s={search_term_string}"},"query-input":"required name=search_term_string"}],"inLanguage":"de-DE"},{"@type":["Person","Organization"],"@id":"https:\/\/vt-carstens.de\/#\/schema\/person\/c5e58e58193778849ec08f7fbfc83994","name":"admin","image":{"@type":"ImageObject","inLanguage":"de-DE","@id":"https:\/\/vt-carstens.de\/#\/schema\/person\/image\/","url":"https:\/\/vt-carstens.de\/wp-content\/uploads\/2022\/08\/Bild_angepasst-7.jpg","contentUrl":"https:\/\/vt-carstens.de\/wp-content\/uploads\/2022\/08\/Bild_angepasst-7.jpg","width":1132,"height":750,"caption":"admin"},"logo":{"@id":"https:\/\/vt-carstens.de\/#\/schema\/person\/image\/"},"sameAs":["https:\/\/vt-carstens.de"]}]}},"_links":{"self":[{"href":"https:\/\/vt-carstens.de\/index.php?rest_route=\/wp\/v2\/pages\/26"}],"collection":[{"href":"https:\/\/vt-carstens.de\/index.php?rest_route=\/wp\/v2\/pages"}],"about":[{"href":"https:\/\/vt-carstens.de\/index.php?rest_route=\/wp\/v2\/types\/page"}],"author":[{"embeddable":true,"href":"https:\/\/vt-carstens.de\/index.php?rest_route=\/wp\/v2\/users\/1"}],"replies":[{"embeddable":true,"href":"https:\/\/vt-carstens.de\/index.php?rest_route=%2Fwp%2Fv2%2Fcomments&post=26"}],"version-history":[{"count":7,"href":"https:\/\/vt-carstens.de\/index.php?rest_route=\/wp\/v2\/pages\/26\/revisions"}],"predecessor-version":[{"id":163,"href":"https:\/\/vt-carstens.de\/index.php?rest_route=\/wp\/v2\/pages\/26\/revisions\/163"}],"wp:attachment":[{"href":"https:\/\/vt-carstens.de\/index.php?rest_route=%2Fwp%2Fv2%2Fmedia&parent=26"}],"curies":[{"name":"wp","href":"https:\/\/api.w.org\/{rel}","templated":true}]}}