{"id":25,"date":"2022-08-03T14:40:38","date_gmt":"2022-08-03T14:40:38","guid":{"rendered":"https:\/\/vt-carstens.de\/?page_id=25"},"modified":"2022-08-10T20:12:32","modified_gmt":"2022-08-10T20:12:32","slug":"behandlungsangebot-und-ablauf","status":"publish","type":"page","link":"https:\/\/vt-carstens.de\/?page_id=25","title":{"rendered":"Behandlungsangebot und Ablauf"},"content":{"rendered":"\n<p>Ich arbeite verhaltenstherapeutisch unter Ber\u00fccksichtigung Ihrer individuellen Lern- und Lebensgeschichte. Im therapeutischen Prozess erarbeiten wir zun\u00e4chst Faktoren, die zu ihrer Problematik beigetragen haben und diese aufrechterhalten. Im n\u00e4chsten Schritt erlernen Sie, aktiv Ver\u00e4nderungen im Verhalten, Denken und auf emotionaler Ebene anzustreben und dar\u00fcber einen besseren Umgang mit ihren Problematiken zu entwickeln.<\/p>\n\n\n\n<p><strong>Ablauf:<\/strong><strong><\/strong><\/p>\n\n\n\n<p><em>Erstgespr\u00e4ch:<\/em><br>Zun\u00e4chst findet ein Erstgespr\u00e4ch statt. Hierbei geht es darum, sich gegenseitig kennenzulernen und Sie erhalten Zeit und Raum, mir Ihre Anliegen zu schildern. Zudem erhalten Sie im Erstgespr\u00e4ch Informationen \u00fcber das weitere Vorgehen.<\/p>\n\n\n\n<p><em>Probatorische Sitzungen:<\/em><br>Im Anschluss an das Erstgespr\u00e4ch finden vier probatorische Sitzungen statt. In diesen wird auf der Grundlage von Symptombesprechung, biographischer Anamnese, Diagnostik und Zielbesprechung ein f\u00fcr Sie passender Therapieplan  erstellt. Daneben bieten die probatorischen Sitzungen die M\u00f6glichkeit zu \u00fcberpr\u00fcfen, ob Sie sich bei mir wohlf\u00fchlen und eine tragf\u00e4hige therapeutische Beziehung aufgebaut werden kann.<\/p>\n\n\n\n<p><em>Therapiesitzungen:<\/em><br>In der Regel findet eine Therapiesitzung einmal w\u00f6chentlich mit einer Dauer von 50 Minuten statt.<br>Eine Kurzzeittherapie umfasst bis zu 24 Sitzungen und eine Langzeittherapie bis zu 60 Sitzungen. Dabei variiert der Umfang je nach Symptomatik und Anliegen.<\/p>\n","protected":false},"excerpt":{"rendered":"<p>Ich arbeite verhaltenstherapeutisch unter Ber\u00fccksichtigung Ihrer individuellen Lern- und Lebensgeschichte. Im therapeutischen Prozess erarbeiten wir zun\u00e4chst Faktoren, die zu ihrer Problematik beigetragen haben und diese aufrechterhalten. Im n\u00e4chsten Schritt erlernen Sie, aktiv Ver\u00e4nderungen im Verhalten, Denken und auf emotionaler Ebene anzustreben und dar\u00fcber einen besseren Umgang mit ihren Problematiken zu entwickeln. Ablauf: Erstgespr\u00e4ch:Zun\u00e4chst findet ein &#8230; <a title=\"Behandlungsangebot und Ablauf\" class=\"read-more\" href=\"https:\/\/vt-carstens.de\/?page_id=25\" aria-label=\"Read more about Behandlungsangebot und Ablauf\">Weiterlesen<\/a><\/p>\n","protected":false},"author":1,"featured_media":0,"parent":0,"menu_order":0,"comment_status":"closed","ping_status":"closed","template":"","meta":[],"yoast_head":"<!-- This site is optimized with the Yoast SEO plugin v20.6 - https:\/\/yoast.com\/wordpress\/plugins\/seo\/ -->\n<title>Behandlungsangebot und Ablauf - Leonie Carstens - Psychotherapie in Hamburg Eppendorf<\/title>\n<meta name=\"robots\" content=\"index, follow, max-snippet:-1, max-image-preview:large, max-video-preview:-1\" \/>\n<link rel=\"canonical\" href=\"https:\/\/vt-carstens.de\/?page_id=25\" \/>\n<meta property=\"og:locale\" content=\"de_DE\" \/>\n<meta property=\"og:type\" content=\"article\" \/>\n<meta property=\"og:title\" content=\"Behandlungsangebot und Ablauf - Leonie Carstens - Psychotherapie in Hamburg Eppendorf\" \/>\n<meta property=\"og:description\" content=\"Ich arbeite verhaltenstherapeutisch unter Ber\u00fccksichtigung Ihrer individuellen Lern- und Lebensgeschichte. Im therapeutischen Prozess erarbeiten wir zun\u00e4chst Faktoren, die zu ihrer Problematik beigetragen haben und diese aufrechterhalten. Im n\u00e4chsten Schritt erlernen Sie, aktiv Ver\u00e4nderungen im Verhalten, Denken und auf emotionaler Ebene anzustreben und dar\u00fcber einen besseren Umgang mit ihren Problematiken zu entwickeln. Ablauf: Erstgespr\u00e4ch:Zun\u00e4chst findet ein ... Weiterlesen\" \/>\n<meta property=\"og:url\" content=\"https:\/\/vt-carstens.de\/?page_id=25\" \/>\n<meta property=\"og:site_name\" content=\"Leonie Carstens - Psychotherapie in Hamburg Eppendorf\" \/>\n<meta property=\"article:modified_time\" content=\"2022-08-10T20:12:32+00:00\" \/>\n<meta name=\"twitter:card\" content=\"summary_large_image\" \/>\n<meta name=\"twitter:label1\" content=\"Gesch\u00e4tzte Lesezeit\" \/>\n\t<meta name=\"twitter:data1\" content=\"1 Minute\" \/>\n<script type=\"application\/ld+json\" class=\"yoast-schema-graph\">{\"@context\":\"https:\/\/schema.org\",\"@graph\":[{\"@type\":\"WebPage\",\"@id\":\"https:\/\/vt-carstens.de\/?page_id=25\",\"url\":\"https:\/\/vt-carstens.de\/?page_id=25\",\"name\":\"Behandlungsangebot und Ablauf - Leonie Carstens - Psychotherapie in Hamburg Eppendorf\",\"isPartOf\":{\"@id\":\"https:\/\/vt-carstens.de\/#website\"},\"datePublished\":\"2022-08-03T14:40:38+00:00\",\"dateModified\":\"2022-08-10T20:12:32+00:00\",\"breadcrumb\":{\"@id\":\"https:\/\/vt-carstens.de\/?page_id=25#breadcrumb\"},\"inLanguage\":\"de-DE\",\"potentialAction\":[{\"@type\":\"ReadAction\",\"target\":[\"https:\/\/vt-carstens.de\/?page_id=25\"]}]},{\"@type\":\"BreadcrumbList\",\"@id\":\"https:\/\/vt-carstens.de\/?page_id=25#breadcrumb\",\"itemListElement\":[{\"@type\":\"ListItem\",\"position\":1,\"name\":\"Startseite\",\"item\":\"https:\/\/vt-carstens.de\/\"},{\"@type\":\"ListItem\",\"position\":2,\"name\":\"Behandlungsangebot und Ablauf\"}]},{\"@type\":\"WebSite\",\"@id\":\"https:\/\/vt-carstens.de\/#website\",\"url\":\"https:\/\/vt-carstens.de\/\",\"name\":\"Leonie Carstens - Psychotherapie in Hamburg Eppendorf\",\"description\":\"\",\"publisher\":{\"@id\":\"https:\/\/vt-carstens.de\/#\/schema\/person\/c5e58e58193778849ec08f7fbfc83994\"},\"potentialAction\":[{\"@type\":\"SearchAction\",\"target\":{\"@type\":\"EntryPoint\",\"urlTemplate\":\"https:\/\/vt-carstens.de\/?s={search_term_string}\"},\"query-input\":\"required name=search_term_string\"}],\"inLanguage\":\"de-DE\"},{\"@type\":[\"Person\",\"Organization\"],\"@id\":\"https:\/\/vt-carstens.de\/#\/schema\/person\/c5e58e58193778849ec08f7fbfc83994\",\"name\":\"admin\",\"image\":{\"@type\":\"ImageObject\",\"inLanguage\":\"de-DE\",\"@id\":\"https:\/\/vt-carstens.de\/#\/schema\/person\/image\/\",\"url\":\"https:\/\/vt-carstens.de\/wp-content\/uploads\/2022\/08\/Bild_angepasst-7.jpg\",\"contentUrl\":\"https:\/\/vt-carstens.de\/wp-content\/uploads\/2022\/08\/Bild_angepasst-7.jpg\",\"width\":1132,\"height\":750,\"caption\":\"admin\"},\"logo\":{\"@id\":\"https:\/\/vt-carstens.de\/#\/schema\/person\/image\/\"},\"sameAs\":[\"https:\/\/vt-carstens.de\"]}]}<\/script>\n<!-- \/ Yoast SEO plugin. -->","yoast_head_json":{"title":"Behandlungsangebot und Ablauf - Leonie Carstens - Psychotherapie in Hamburg Eppendorf","robots":{"index":"index","follow":"follow","max-snippet":"max-snippet:-1","max-image-preview":"max-image-preview:large","max-video-preview":"max-video-preview:-1"},"canonical":"https:\/\/vt-carstens.de\/?page_id=25","og_locale":"de_DE","og_type":"article","og_title":"Behandlungsangebot und Ablauf - Leonie Carstens - Psychotherapie in Hamburg Eppendorf","og_description":"Ich arbeite verhaltenstherapeutisch unter Ber\u00fccksichtigung Ihrer individuellen Lern- und Lebensgeschichte. Im therapeutischen Prozess erarbeiten wir zun\u00e4chst Faktoren, die zu ihrer Problematik beigetragen haben und diese aufrechterhalten. Im n\u00e4chsten Schritt erlernen Sie, aktiv Ver\u00e4nderungen im Verhalten, Denken und auf emotionaler Ebene anzustreben und dar\u00fcber einen besseren Umgang mit ihren Problematiken zu entwickeln. Ablauf: Erstgespr\u00e4ch:Zun\u00e4chst findet ein ... Weiterlesen","og_url":"https:\/\/vt-carstens.de\/?page_id=25","og_site_name":"Leonie Carstens - Psychotherapie in Hamburg Eppendorf","article_modified_time":"2022-08-10T20:12:32+00:00","twitter_card":"summary_large_image","twitter_misc":{"Gesch\u00e4tzte Lesezeit":"1 Minute"},"schema":{"@context":"https:\/\/schema.org","@graph":[{"@type":"WebPage","@id":"https:\/\/vt-carstens.de\/?page_id=25","url":"https:\/\/vt-carstens.de\/?page_id=25","name":"Behandlungsangebot und Ablauf - Leonie Carstens - Psychotherapie in Hamburg Eppendorf","isPartOf":{"@id":"https:\/\/vt-carstens.de\/#website"},"datePublished":"2022-08-03T14:40:38+00:00","dateModified":"2022-08-10T20:12:32+00:00","breadcrumb":{"@id":"https:\/\/vt-carstens.de\/?page_id=25#breadcrumb"},"inLanguage":"de-DE","potentialAction":[{"@type":"ReadAction","target":["https:\/\/vt-carstens.de\/?page_id=25"]}]},{"@type":"BreadcrumbList","@id":"https:\/\/vt-carstens.de\/?page_id=25#breadcrumb","itemListElement":[{"@type":"ListItem","position":1,"name":"Startseite","item":"https:\/\/vt-carstens.de\/"},{"@type":"ListItem","position":2,"name":"Behandlungsangebot und Ablauf"}]},{"@type":"WebSite","@id":"https:\/\/vt-carstens.de\/#website","url":"https:\/\/vt-carstens.de\/","name":"Leonie Carstens - Psychotherapie in Hamburg Eppendorf","description":"","publisher":{"@id":"https:\/\/vt-carstens.de\/#\/schema\/person\/c5e58e58193778849ec08f7fbfc83994"},"potentialAction":[{"@type":"SearchAction","target":{"@type":"EntryPoint","urlTemplate":"https:\/\/vt-carstens.de\/?s={search_term_string}"},"query-input":"required name=search_term_string"}],"inLanguage":"de-DE"},{"@type":["Person","Organization"],"@id":"https:\/\/vt-carstens.de\/#\/schema\/person\/c5e58e58193778849ec08f7fbfc83994","name":"admin","image":{"@type":"ImageObject","inLanguage":"de-DE","@id":"https:\/\/vt-carstens.de\/#\/schema\/person\/image\/","url":"https:\/\/vt-carstens.de\/wp-content\/uploads\/2022\/08\/Bild_angepasst-7.jpg","contentUrl":"https:\/\/vt-carstens.de\/wp-content\/uploads\/2022\/08\/Bild_angepasst-7.jpg","width":1132,"height":750,"caption":"admin"},"logo":{"@id":"https:\/\/vt-carstens.de\/#\/schema\/person\/image\/"},"sameAs":["https:\/\/vt-carstens.de"]}]}},"_links":{"self":[{"href":"https:\/\/vt-carstens.de\/index.php?rest_route=\/wp\/v2\/pages\/25"}],"collection":[{"href":"https:\/\/vt-carstens.de\/index.php?rest_route=\/wp\/v2\/pages"}],"about":[{"href":"https:\/\/vt-carstens.de\/index.php?rest_route=\/wp\/v2\/types\/page"}],"author":[{"embeddable":true,"href":"https:\/\/vt-carstens.de\/index.php?rest_route=\/wp\/v2\/users\/1"}],"replies":[{"embeddable":true,"href":"https:\/\/vt-carstens.de\/index.php?rest_route=%2Fwp%2Fv2%2Fcomments&post=25"}],"version-history":[{"count":9,"href":"https:\/\/vt-carstens.de\/index.php?rest_route=\/wp\/v2\/pages\/25\/revisions"}],"predecessor-version":[{"id":194,"href":"https:\/\/vt-carstens.de\/index.php?rest_route=\/wp\/v2\/pages\/25\/revisions\/194"}],"wp:attachment":[{"href":"https:\/\/vt-carstens.de\/index.php?rest_route=%2Fwp%2Fv2%2Fmedia&parent=25"}],"curies":[{"name":"wp","href":"https:\/\/api.w.org\/{rel}","templated":true}]}}